{"id":130,"date":"2019-11-15T15:22:00","date_gmt":"2019-11-15T15:22:00","guid":{"rendered":"https:\/\/demo.hellowp.io\/37\/?page_id=7"},"modified":"2023-12-24T11:24:30","modified_gmt":"2023-12-24T11:24:30","slug":"bemutatkozas","status":"publish","type":"page","link":"https:\/\/bernathlegal.hu\/en\/bemutatkozas\/","title":{"rendered":"INTRODUCTION"},"content":{"rendered":"<p>[et_pb_section fb_built=&#8221;1&#8243; admin_label=&#8221;Page Title Section&#8221; _builder_version=&#8221;4.20.0&#8243; use_background_color_gradient=&#8221;on&#8221; background_color_gradient_stops=&#8221;#058b8c 0%|rgba(49,62,71,0.5) 100%&#8221; background_color_gradient_overlays_image=&#8221;on&#8221; background_color_gradient_start=&#8221;#313e47&#8243; background_color_gradient_end=&#8221;rgba(49,62,71,0.5)&#8221; background_image=&#8221;https:\/\/bernathlegal.hu\/wp-content\/uploads\/2023\/02\/law-firm-30.jpg&#8221; custom_padding=&#8221;120px||120px|&#8221; global_colors_info=&#8221;{}&#8221;][et_pb_row admin_label=&#8221;Page Title Area&#8221; _builder_version=&#8221;4.16&#8243; background_size=&#8221;initial&#8221; background_position=&#8221;top_left&#8221; background_repeat=&#8221;repeat&#8221; global_colors_info=&#8221;{}&#8221;][et_pb_column type=&#8221;4_4&#8243; _builder_version=&#8221;4.16&#8243; custom_padding=&#8221;|||&#8221; global_colors_info=&#8221;{}&#8221; custom_padding__hover=&#8221;|||&#8221;][et_pb_text admin_label=&#8221;Page Title&#8221; _builder_version=&#8221;4.20.2&#8243; text_font=&#8221;||||||||&#8221; text_font_size=&#8221;18px&#8221; text_line_height=&#8221;2em&#8221; header_font_size=&#8221;60px&#8221; header_line_height=&#8221;1.6em&#8221; header_2_font=&#8221;||||||||&#8221; text_orientation=&#8221;center&#8221; background_layout=&#8221;dark&#8221; max_width=&#8221;700px&#8221; module_alignment=&#8221;center&#8221; custom_margin=&#8221;|||&#8221; animation_style=&#8221;fade&#8221; header_font_size_tablet=&#8221;40px&#8221; header_font_size_phone=&#8221;&#8221; header_font_size_last_edited=&#8221;on|tablet&#8221; global_colors_info=&#8221;{}&#8221;]<\/p>\n<h1>BEMUTATKOZ\u00c1S<\/h1>\n<p>[\/et_pb_text][\/et_pb_column][\/et_pb_row][\/et_pb_section][et_pb_section fb_built=&#8221;1&#8243; admin_label=&#8221;Welcome Section&#8221; _builder_version=&#8221;4.20.4&#8243; custom_padding=&#8221;2px||0px|||&#8221; global_colors_info=&#8221;{}&#8221;][et_pb_row admin_label=&#8221;Welcome Area&#8221; _builder_version=&#8221;4.20.2&#8243; custom_padding=&#8221;||0px|||&#8221; global_colors_info=&#8221;{}&#8221;][et_pb_column type=&#8221;4_4&#8243; _builder_version=&#8221;4.20.2&#8243; custom_padding=&#8221;80px||80px|&#8221; global_colors_info=&#8221;{}&#8221; custom_padding__hover=&#8221;|||&#8221;][et_pb_text admin_label=&#8221;Title&#8221; _builder_version=&#8221;4.20.2&#8243; text_font=&#8221;||||||||&#8221; header_font=&#8221;||||||||&#8221; header_2_font=&#8221;Poppins||||||||&#8221; header_2_font_size=&#8221;48px&#8221; header_2_line_height=&#8221;1.6em&#8221; custom_margin=&#8221;||10px|&#8221; animation_style=&#8221;fade&#8221; animation_direction=&#8221;left&#8221; animation_starting_opacity=&#8221;100%&#8221; header_2_font_size_tablet=&#8221;40px&#8221; header_2_font_size_phone=&#8221;&#8221; header_2_font_size_last_edited=&#8221;on|tablet&#8221; global_colors_info=&#8221;{}&#8221;]<\/p>\n<h2>K\u00fcldet\u00e9s\u00fcnk<\/h2>\n<p>[\/et_pb_text][et_pb_divider color=&#8221;#ffa40d&#8221; divider_position=&#8221;center&#8221; divider_weight=&#8221;3px&#8221; _builder_version=&#8221;4.16&#8243; max_width=&#8221;70px&#8221; animation_style=&#8221;slide&#8221; animation_direction=&#8221;right&#8221; animation_intensity_slide=&#8221;5%&#8221; animation_starting_opacity=&#8221;100%&#8221; global_colors_info=&#8221;{}&#8221;][\/et_pb_divider][et_pb_text _builder_version=&#8221;4.20.4&#8243; text_font_size=&#8221;16px&#8221; text_line_height=&#8221;2em&#8221; animation_direction=&#8221;left&#8221; global_colors_info=&#8221;{}&#8221;]<\/p>\n<p style=\"text-align: center;\"><span>&#8222;Amat victoria curam \/ A gy\u0151zelem szereti a felk\u00e9sz\u00fcl\u00e9st.&#8221;<\/span><\/p>\n<p style=\"text-align: justify;\">Legyen az egy nagyv\u00e1llalat kiszervezett jogi tev\u00e9kenys\u00e9ge vagy egy start up v\u00e1llalkoz\u00e1s beind\u00edt\u00e1s\u00e1nak t\u00e1mogat\u00e1sa, c\u00e9lunk az \u00fcgyfeleink rugalmas, prec\u00edz \u00e9s gyors kiszolg\u00e1l\u00e1sa olyan megold\u00e1sok \u00e1ltal, melyek az \u00fczleti c\u00e9ljaiknak legink\u00e1bb megfelelnek. Szenved\u00e9ly\u00fcnk a hat\u00e9konys\u00e1g \u00e9s a megold\u00e1sk\u00f6zpont\u00fa gondolkod\u00e1sm\u00f3d.<\/p>\n<p style=\"text-align: justify;\">Tudjuk, hogy a v\u00e1llalkoz\u00e1soknak nem bonyolult okfejt\u00e9sekre, k\u00e9rd\u00e9sekre \u00e9s probl\u00e9mafelvet\u00e9sekre, hanem egyszer\u0171 \u00e9s gyors jogi seg\u00edts\u00e9gre van sz\u00fcks\u00e9g\u00fck.<\/p>\n<p style=\"text-align: justify;\">Pontosan ez\u00e9rt fiatalos szeml\u00e9letm\u00f3dunkkal \u00e9s m\u00e9lyrehat\u00f3 jogi \u00e9s gyakorlati tapasztalataink seg\u00edts\u00e9g\u00e9vel t\u00f6bb ter\u00fcleten is hat\u00e9kony, \u00fcgyf\u00e9lorient\u00e1lt \u00e9s rugalmas jogi megold\u00e1sokat k\u00edn\u00e1lunk \u00fcgyfeleink sz\u00e1m\u00e1ra.<\/p>\n<p style=\"text-align: justify;\">A mindennapi \u00e9let sor\u00e1n felmer\u00fcl\u0151 k\u00e9rd\u00e9sekben is seg\u00edt\u00fcnk eligazodni \u00fcgyfeleinknek a jog \u00f6sszetett vil\u00e1g\u00e1ban, mindv\u00e9gig szem el\u0151tt tartva a hat\u00e9kony \u00e9s egyedi jogi megold\u00e1sokat.<\/p>\n<p style=\"text-align: justify;\">\u00daj szeml\u00e9letet k\u00edn\u00e1lunk a jogi szolg\u00e1ltat\u00e1sok ter\u00e9n \u00fcgyfeleinknek. A formalit\u00e1s helyett a hat\u00e9kony \u00e9s direkt kommunik\u00e1ci\u00f3, a terjedelmes jogi \u00e1ll\u00e1sfoglal\u00e1sok helyett az \u00fczleti folyamatokat t\u00e1mogat\u00f3 \u00e9s megold\u00e1s orient\u00e1lt gondolkod\u00e1sm\u00f3d jellemez minket.<\/p>\n<p style=\"text-align: justify;\">Hisz\u00fcnk az \u00fcgyfeleink v\u00e1llalkoz\u00e1s\u00e1ban \u00e9s tudjuk, hogy \u0151k is b\u00edznak benn\u00fcnk, hogy seg\u00edtj\u00fck \u00e9s t\u00e1mogatjuk \u0151ket \u00fczleti c\u00e9ljaik el\u00e9r\u00e9s\u00e9ben.<\/p>\n<p style=\"text-align: justify;\">A Bernathlegal-n\u00e9l mi ehhez k\u00edn\u00e1lunk gyors, prec\u00edz \u00e9s kreat\u00edv jogi t\u00e1mogat\u00e1st.<\/p>\n<p style=\"text-align: justify;\">A magyar nyelv mellett, szolg\u00e1ltat\u00e1sainkat angolul \u00e9s spanyol nyelven is ny\u00fajtjuk, hogy \u00fcgyfeleink min\u00e9l nagyobbat \u00e9s messzebb merjenek \u00e1lmodni.<\/p>\n<p style=\"text-align: justify;\">\n<p>[\/et_pb_text][\/et_pb_column][\/et_pb_row][\/et_pb_section][et_pb_section fb_built=&#8221;1&#8243; admin_label=&#8221;Szakasz&#8221; _builder_version=&#8221;4.21.0&#8243; background_color=&#8221;rgba(5,139,140,0.44)&#8221; min_height=&#8221;750.7px&#8221; custom_margin=&#8221;-1px|||||&#8221; custom_padding=&#8221;473px||8px||false|false&#8221; global_colors_info=&#8221;{}&#8221;][et_pb_row column_structure=&#8221;1_2,1_2&#8243; use_custom_gutter=&#8221;on&#8221; gutter_width=&#8221;1&#8243; make_equal=&#8221;on&#8221; _builder_version=&#8221;4.21.0&#8243; width=&#8221;92%&#8221; width_tablet=&#8221;90%&#8221; width_phone=&#8221;90%&#8221; width_last_edited=&#8221;on|tablet&#8221; max_width_tablet=&#8221;90%&#8221; max_width_phone=&#8221;90%&#8221; max_width_last_edited=&#8221;on|phone&#8221; min_height=&#8221;1098.3px&#8221; custom_margin=&#8221;-500px|auto|16px|auto|false|false&#8221; custom_padding=&#8221;|2px|11px|||&#8221; global_colors_info=&#8221;{}&#8221;][et_pb_column type=&#8221;1_2&#8243; admin_label=&#8221;Oszlop&#8221; _builder_version=&#8221;4.16&#8243; custom_padding=&#8221;|1px|||false|false&#8221; border_color_right=&#8221;#383838&#8243; global_colors_info=&#8221;{}&#8221;][et_pb_image src=&#8221;https:\/\/bernathlegal.hu\/wp-content\/uploads\/2023\/03\/dr_bernath_balazs.jpg&#8221; alt=&#8221;dr. Bern\u00e1th Bal\u00e1zs&#8221; title_text=&#8221;dr_bernath_balazs&#8221; force_fullwidth=&#8221;on&#8221; _builder_version=&#8221;4.20.0&#8243; global_colors_info=&#8221;{}&#8221;][\/et_pb_image][et_pb_text _builder_version=&#8221;4.21.0&#8243; text_text_color=&#8221;#b7b7b7&#8243; text_font_size=&#8221;15px&#8221; header_3_font=&#8221;Poppins||||||||&#8221; header_3_text_color=&#8221;#ffffff&#8221; header_3_font_size=&#8221;20px&#8221; background_color=&#8221;#058B8C&#8221; min_height=&#8221;563.8px&#8221; height=&#8221;612px&#8221; custom_margin=&#8221;-4px|-1px|14px|||&#8221; custom_padding=&#8221;39px|40px|39px|40px|true|false&#8221; global_colors_info=&#8221;{}&#8221;]<\/p>\n<h3>dr. Bern\u00e1th Bal\u00e1zs<\/h3>\n<p>\u00dcgyv\u00e9d<\/p>\n<p>balazs.bernath@bernathlegal.com<\/p>\n<p style=\"text-align: justify;\">T<strong>anulm\u00e1nyaimat a budapesti P\u00e1zm\u00e1ny P\u00e9ter Katolikus Egyetem Jog- \u00e9s \u00c1llamtudom\u00e1nyi Kar\u00e1n v\u00e9geztem, jogi diplom\u00e1mat 2018-ban szereztem meg.<\/strong><\/p>\n<p style=\"text-align: justify;\"><strong><\/strong><\/p>\n<div class=\"et_pb_text_inner\">\n<div data-shortcode-id=\"1.1.0.1-1682197729295\" data-quickaccess-editable=\"yes\" class=\"et-fb-popover-tinymce\">\n<div class=\"mce-content-body\" style=\"position: relative;\" contenteditable=\"true\">\n<p style=\"text-align: justify;\"><strong>Az egyetem elv\u00e9gz\u00e9s\u00e9t k\u00f6vet\u0151en \u00fcgyv\u00e9djel\u00f6ltk\u00e9nt szakmai tapasztalataimat k\u00fcl\u00f6nb\u00f6z\u0151 profil\u00fa \u00fcgyv\u00e9di irod\u00e1kban b\u0151v\u00edtettem (peres \u00e9s nemperes ter\u00fcleteken egyar\u00e1nt), ahol lehet\u0151s\u00e9gem ny\u00edlt a szok\u00e1sos \u00fcgyv\u00e9di tevek\u00e9nys\u00e9gek elm\u00e9ly\u00edt\u00e9se mellett sz\u00e1mos piacvezet\u0151, nemzetk\u00f6zileg is ismert v\u00e1llalat jogi t\u00e1mogat\u00e1s\u00e1ban is r\u00e9szt venni.<\/strong><\/p>\n<p style=\"text-align: justify;\"><strong>Szakter\u00fcletem a t\u00e1rsas\u00e1gi jog \u00e9s a jogvit\u00e1k kezel\u00e9se, melyek rendszeresen visszat\u00e9r\u0151 probl\u00e9m\u00e1t jelentenek az \u00dcgyfeleink \u00e9let\u00e9ben.<\/strong><\/p>\n<p style=\"text-align: justify;\"><strong>\u00dcgyfeleink t\u00e1mogat\u00e1sa sor\u00e1n mindig a lehet\u0151 leghat\u00e9konyabb \u00e9s szem\u00e9lyre szabott jogi megold\u00e1sokra t\u00f6rekszem.<\/strong><strong><\/strong><\/p>\n<\/div>\n<\/div>\n<\/div>\n<p>[\/et_pb_text][\/et_pb_column][et_pb_column type=&#8221;1_2&#8243; admin_label=&#8221;Oszlop&#8221; _builder_version=&#8221;4.16&#8243; custom_padding=&#8221;|1px||0px|false|false&#8221; global_colors_info=&#8221;{}&#8221;][et_pb_image src=&#8221;https:\/\/bernathlegal.hu\/wp-content\/uploads\/2023\/03\/dr_bernath_gergely_ferenc.jpg&#8221; alt=&#8221;dr. Bern\u00e1th Ferenc Gergely&#8221; title_text=&#8221;dr_bernath_gergely_ferenc&#8221; force_fullwidth=&#8221;on&#8221; admin_label=&#8221;K\u00e9p&#8221; _builder_version=&#8221;4.20.0&#8243; custom_margin=&#8221;||2px|||&#8221; custom_margin_tablet=&#8221;||||false|false&#8221; custom_margin_phone=&#8221;50px||||false|false&#8221; custom_margin_last_edited=&#8221;on|desktop&#8221; global_colors_info=&#8221;{}&#8221;][\/et_pb_image][et_pb_text admin_label=&#8221;Sz\u00f6veg&#8221; _builder_version=&#8221;4.21.0&#8243; text_text_color=&#8221;#b7b7b7&#8243; text_font_size=&#8221;15px&#8221; header_3_font=&#8221;Poppins||||||||&#8221; header_3_text_color=&#8221;#ffffff&#8221; header_3_font_size=&#8221;20px&#8221; background_color=&#8221;#058B8C&#8221; min_height=&#8221;330.8px&#8221; custom_margin=&#8221;-4px||3px|||&#8221; custom_padding=&#8221;23px|40px|23px|40px|true|false&#8221; global_colors_info=&#8221;{}&#8221;]<\/p>\n<h3><\/h3>\n<h3>dr. Bern\u00e1th Gergely Ferenc<\/h3>\n<p>\u00dcgyv\u00e9d<\/p>\n<p>gergely.bernath@bernathlegal.com<\/p>\n<p style=\"text-align: justify;\"><b>Tanulm\u00e1nyaimat a E\u00f6tv\u00f6s Lor\u00e1nd Tudom\u00e1nyegyetem Jog- \u00e9s \u00c1llamtudom\u00e1nyi Kar\u00e1n v\u00e9geztem, jogi szakvizsg\u00e1mat 2018-ban szereztem meg. <\/b><\/p>\n<p style=\"text-align: justify;\"><b>Szakmai tapasztalataimat els\u0151sorban nemzetk\u00f6zi \u00fcgyv\u00e9di irod\u00e1kban \u00e9s nagyv\u00e1llalatokn\u00e1l szereztem, melynek sor\u00e1n t\u00f6bbek k\u00f6z\u00f6tt olyan speci\u00e1lis jogter\u00fcleteken m\u00e9ly\u00edthettem el a tud\u00e1somat, mint a m\u00e9dia \u00e9s rekl\u00e1mjog, valamint az adatv\u00e9delem.<\/b><\/p>\n<p style=\"text-align: justify;\"><b>Az \u00fczleti d\u00f6nt\u00e9shoz\u00f3k \u00e9s v\u00e1llalkoz\u00e1sok jogi t\u00e1mogat\u00e1s\u00e1val elt\u00f6lt\u00f6tt \u00e9vek megtan\u00edtottak arra, hogy a jog\u00e1szi gondolkod\u00e1sm\u00f3don t\u00fal meg\u00e9rtsem az \u00fcgyfelek ig\u00e9nyeit \u00e9s elv\u00e1r\u00e1sait is.<\/b><\/p>\n<p style=\"text-align: justify;\"><b>A testv\u00e9remmel, Dr. Bern\u00e1th Bal\u00e1zzsal egy\u00fctt gyermekkori \u00e1lmunkat val\u00f3s\u00edtottuk meg a k\u00f6z\u00f6s \u00fcgyv\u00e9di irod\u00e1nk megalap\u00edt\u00e1s\u00e1val.<\/b><\/p>\n<p style=\"text-align: justify;\"><b><\/b><\/p>\n<p style=\"text-align: justify;\"><b><\/b><\/p>\n<p style=\"text-align: justify;\"><b><\/b><\/p>\n<p>[\/et_pb_text][\/et_pb_column][\/et_pb_row][\/et_pb_section]<\/p>\n","protected":false},"excerpt":{"rendered":"<p>BEMUTATKOZ\u00c1SK\u00fcldet\u00e9s\u00fcnk&#8221;Amat victoria curam \/ A gy\u0151zelem szereti a felk\u00e9sz\u00fcl\u00e9st.&#8221; Legyen az egy nagyv\u00e1llalat kiszervezett jogi tev\u00e9kenys\u00e9ge vagy egy start up v\u00e1llalkoz\u00e1s beind\u00edt\u00e1s\u00e1nak t\u00e1mogat\u00e1sa, c\u00e9lunk az \u00fcgyfeleink rugalmas, prec\u00edz \u00e9s gyors kiszolg\u00e1l\u00e1sa olyan megold\u00e1sok \u00e1ltal, melyek az \u00fczleti c\u00e9ljaiknak legink\u00e1bb megfelelnek. Szenved\u00e9ly\u00fcnk a hat\u00e9konys\u00e1g \u00e9s a megold\u00e1sk\u00f6zpont\u00fa gondolkod\u00e1sm\u00f3d. Tudjuk, hogy a v\u00e1llalkoz\u00e1soknak nem bonyolult okfejt\u00e9sekre, k\u00e9rd\u00e9sekre [&hellip;]<\/p>\n","protected":false},"author":2,"featured_media":0,"parent":0,"menu_order":0,"comment_status":"closed","ping_status":"closed","template":"","meta":{"_et_pb_use_builder":"on","_et_pb_old_content":"","_et_gb_content_width":"","footnotes":""},"class_list":["post-130","page","type-page","status-publish","hentry"],"yoast_head":"<!-- This site is optimized with the Yoast SEO plugin v27.4 - https:\/\/yoast.com\/product\/yoast-seo-wordpress\/ -->\n<title>Bemutatkoz\u00e1s - Bernath \u00dcgyv\u00e9di T\u00e1rsul\u00e1s<\/title>\n<meta name=\"robots\" content=\"index, follow, max-snippet:-1, max-image-preview:large, max-video-preview:-1\" \/>\n<link rel=\"canonical\" href=\"https:\/\/bernathlegal.hu\/en\/bemutatkozas\/\" \/>\n<meta property=\"og:locale\" content=\"en_GB\" \/>\n<meta property=\"og:type\" content=\"article\" \/>\n<meta property=\"og:title\" content=\"Bemutatkoz\u00e1s - Bernath \u00dcgyv\u00e9di T\u00e1rsul\u00e1s\" \/>\n<meta property=\"og:description\" content=\"BEMUTATKOZ\u00c1SK\u00fcldet\u00e9s\u00fcnk&quot;Amat victoria curam \/ A gy\u0151zelem szereti a felk\u00e9sz\u00fcl\u00e9st.&quot; Legyen az egy nagyv\u00e1llalat kiszervezett jogi tev\u00e9kenys\u00e9ge vagy egy start up v\u00e1llalkoz\u00e1s beind\u00edt\u00e1s\u00e1nak t\u00e1mogat\u00e1sa, c\u00e9lunk az \u00fcgyfeleink rugalmas, prec\u00edz \u00e9s gyors kiszolg\u00e1l\u00e1sa olyan megold\u00e1sok \u00e1ltal, melyek az \u00fczleti c\u00e9ljaiknak legink\u00e1bb megfelelnek. Szenved\u00e9ly\u00fcnk a hat\u00e9konys\u00e1g \u00e9s a megold\u00e1sk\u00f6zpont\u00fa gondolkod\u00e1sm\u00f3d. Tudjuk, hogy a v\u00e1llalkoz\u00e1soknak nem bonyolult okfejt\u00e9sekre, k\u00e9rd\u00e9sekre [&hellip;]\" \/>\n<meta property=\"og:url\" content=\"https:\/\/bernathlegal.hu\/en\/bemutatkozas\/\" \/>\n<meta property=\"og:site_name\" content=\"Bernath \u00dcgyv\u00e9di T\u00e1rsul\u00e1s\" \/>\n<meta property=\"article:modified_time\" content=\"2023-12-24T11:24:30+00:00\" \/>\n<meta name=\"twitter:card\" content=\"summary_large_image\" \/>\n<meta name=\"twitter:label1\" content=\"Estimated reading time\" \/>\n\t<meta name=\"twitter:data1\" content=\"6 minutes\" \/>\n<script type=\"application\/ld+json\" class=\"yoast-schema-graph\">{\"@context\":\"https:\\\/\\\/schema.org\",\"@graph\":[{\"@type\":\"WebPage\",\"@id\":\"https:\\\/\\\/bernathlegal.hu\\\/bemutatkozas\\\/\",\"url\":\"https:\\\/\\\/bernathlegal.hu\\\/bemutatkozas\\\/\",\"name\":\"Bemutatkoz\u00e1s - Bernath \u00dcgyv\u00e9di T\u00e1rsul\u00e1s\",\"isPartOf\":{\"@id\":\"https:\\\/\\\/bernathlegal.hu\\\/#website\"},\"datePublished\":\"2019-11-15T15:22:00+00:00\",\"dateModified\":\"2023-12-24T11:24:30+00:00\",\"breadcrumb\":{\"@id\":\"https:\\\/\\\/bernathlegal.hu\\\/bemutatkozas\\\/#breadcrumb\"},\"inLanguage\":\"en-GB\",\"potentialAction\":[{\"@type\":\"ReadAction\",\"target\":[\"https:\\\/\\\/bernathlegal.hu\\\/bemutatkozas\\\/\"]}]},{\"@type\":\"BreadcrumbList\",\"@id\":\"https:\\\/\\\/bernathlegal.hu\\\/bemutatkozas\\\/#breadcrumb\",\"itemListElement\":[{\"@type\":\"ListItem\",\"position\":1,\"name\":\"Kezd\u0151lap\",\"item\":\"https:\\\/\\\/bernathlegal.hu\\\/\"},{\"@type\":\"ListItem\",\"position\":2,\"name\":\"Bemutatkoz\u00e1s\"}]},{\"@type\":\"WebSite\",\"@id\":\"https:\\\/\\\/bernathlegal.hu\\\/#website\",\"url\":\"https:\\\/\\\/bernathlegal.hu\\\/\",\"name\":\"Bernath \u00dcgyv\u00e9di T\u00e1rsul\u00e1s\",\"description\":\"\",\"publisher\":{\"@id\":\"https:\\\/\\\/bernathlegal.hu\\\/#organization\"},\"potentialAction\":[{\"@type\":\"SearchAction\",\"target\":{\"@type\":\"EntryPoint\",\"urlTemplate\":\"https:\\\/\\\/bernathlegal.hu\\\/?s={search_term_string}\"},\"query-input\":{\"@type\":\"PropertyValueSpecification\",\"valueRequired\":true,\"valueName\":\"search_term_string\"}}],\"inLanguage\":\"en-GB\"},{\"@type\":\"Organization\",\"@id\":\"https:\\\/\\\/bernathlegal.hu\\\/#organization\",\"name\":\"Bernath \u00dcgyv\u00e9di T\u00e1rsul\u00e1s\",\"url\":\"https:\\\/\\\/bernathlegal.hu\\\/\",\"logo\":{\"@type\":\"ImageObject\",\"inLanguage\":\"en-GB\",\"@id\":\"https:\\\/\\\/bernathlegal.hu\\\/#\\\/schema\\\/logo\\\/image\\\/\",\"url\":\"\",\"contentUrl\":\"\",\"caption\":\"Bernath \u00dcgyv\u00e9di T\u00e1rsul\u00e1s\"},\"image\":{\"@id\":\"https:\\\/\\\/bernathlegal.hu\\\/#\\\/schema\\\/logo\\\/image\\\/\"}}]}<\/script>\n<!-- \/ Yoast SEO plugin. -->","yoast_head_json":{"title":"Bemutatkoz\u00e1s - Bernath \u00dcgyv\u00e9di T\u00e1rsul\u00e1s","robots":{"index":"index","follow":"follow","max-snippet":"max-snippet:-1","max-image-preview":"max-image-preview:large","max-video-preview":"max-video-preview:-1"},"canonical":"https:\/\/bernathlegal.hu\/en\/bemutatkozas\/","og_locale":"en_GB","og_type":"article","og_title":"Bemutatkoz\u00e1s - Bernath \u00dcgyv\u00e9di T\u00e1rsul\u00e1s","og_description":"BEMUTATKOZ\u00c1SK\u00fcldet\u00e9s\u00fcnk\"Amat victoria curam \/ A gy\u0151zelem szereti a felk\u00e9sz\u00fcl\u00e9st.\" Legyen az egy nagyv\u00e1llalat kiszervezett jogi tev\u00e9kenys\u00e9ge vagy egy start up v\u00e1llalkoz\u00e1s beind\u00edt\u00e1s\u00e1nak t\u00e1mogat\u00e1sa, c\u00e9lunk az \u00fcgyfeleink rugalmas, prec\u00edz \u00e9s gyors kiszolg\u00e1l\u00e1sa olyan megold\u00e1sok \u00e1ltal, melyek az \u00fczleti c\u00e9ljaiknak legink\u00e1bb megfelelnek. Szenved\u00e9ly\u00fcnk a hat\u00e9konys\u00e1g \u00e9s a megold\u00e1sk\u00f6zpont\u00fa gondolkod\u00e1sm\u00f3d. Tudjuk, hogy a v\u00e1llalkoz\u00e1soknak nem bonyolult okfejt\u00e9sekre, k\u00e9rd\u00e9sekre [&hellip;]","og_url":"https:\/\/bernathlegal.hu\/en\/bemutatkozas\/","og_site_name":"Bernath \u00dcgyv\u00e9di T\u00e1rsul\u00e1s","article_modified_time":"2023-12-24T11:24:30+00:00","twitter_card":"summary_large_image","twitter_misc":{"Estimated reading time":"6 minutes"},"schema":{"@context":"https:\/\/schema.org","@graph":[{"@type":"WebPage","@id":"https:\/\/bernathlegal.hu\/bemutatkozas\/","url":"https:\/\/bernathlegal.hu\/bemutatkozas\/","name":"Bemutatkoz\u00e1s - Bernath \u00dcgyv\u00e9di T\u00e1rsul\u00e1s","isPartOf":{"@id":"https:\/\/bernathlegal.hu\/#website"},"datePublished":"2019-11-15T15:22:00+00:00","dateModified":"2023-12-24T11:24:30+00:00","breadcrumb":{"@id":"https:\/\/bernathlegal.hu\/bemutatkozas\/#breadcrumb"},"inLanguage":"en-GB","potentialAction":[{"@type":"ReadAction","target":["https:\/\/bernathlegal.hu\/bemutatkozas\/"]}]},{"@type":"BreadcrumbList","@id":"https:\/\/bernathlegal.hu\/bemutatkozas\/#breadcrumb","itemListElement":[{"@type":"ListItem","position":1,"name":"Kezd\u0151lap","item":"https:\/\/bernathlegal.hu\/"},{"@type":"ListItem","position":2,"name":"Bemutatkoz\u00e1s"}]},{"@type":"WebSite","@id":"https:\/\/bernathlegal.hu\/#website","url":"https:\/\/bernathlegal.hu\/","name":"Bernath \u00dcgyv\u00e9di T\u00e1rsul\u00e1s","description":"","publisher":{"@id":"https:\/\/bernathlegal.hu\/#organization"},"potentialAction":[{"@type":"SearchAction","target":{"@type":"EntryPoint","urlTemplate":"https:\/\/bernathlegal.hu\/?s={search_term_string}"},"query-input":{"@type":"PropertyValueSpecification","valueRequired":true,"valueName":"search_term_string"}}],"inLanguage":"en-GB"},{"@type":"Organization","@id":"https:\/\/bernathlegal.hu\/#organization","name":"Bernath \u00dcgyv\u00e9di T\u00e1rsul\u00e1s","url":"https:\/\/bernathlegal.hu\/","logo":{"@type":"ImageObject","inLanguage":"en-GB","@id":"https:\/\/bernathlegal.hu\/#\/schema\/logo\/image\/","url":"","contentUrl":"","caption":"Bernath \u00dcgyv\u00e9di T\u00e1rsul\u00e1s"},"image":{"@id":"https:\/\/bernathlegal.hu\/#\/schema\/logo\/image\/"}}]}},"_links":{"self":[{"href":"https:\/\/bernathlegal.hu\/en\/wp-json\/wp\/v2\/pages\/130","targetHints":{"allow":["GET"]}}],"collection":[{"href":"https:\/\/bernathlegal.hu\/en\/wp-json\/wp\/v2\/pages"}],"about":[{"href":"https:\/\/bernathlegal.hu\/en\/wp-json\/wp\/v2\/types\/page"}],"author":[{"embeddable":true,"href":"https:\/\/bernathlegal.hu\/en\/wp-json\/wp\/v2\/users\/2"}],"replies":[{"embeddable":true,"href":"https:\/\/bernathlegal.hu\/en\/wp-json\/wp\/v2\/comments?post=130"}],"version-history":[{"count":27,"href":"https:\/\/bernathlegal.hu\/en\/wp-json\/wp\/v2\/pages\/130\/revisions"}],"predecessor-version":[{"id":447,"href":"https:\/\/bernathlegal.hu\/en\/wp-json\/wp\/v2\/pages\/130\/revisions\/447"}],"wp:attachment":[{"href":"https:\/\/bernathlegal.hu\/en\/wp-json\/wp\/v2\/media?parent=130"}],"curies":[{"name":"wp","href":"https:\/\/api.w.org\/{rel}","templated":true}]}}