{"id":449,"date":"2024-03-21T12:00:09","date_gmt":"2024-03-21T12:00:09","guid":{"rendered":"https:\/\/bernathlegal.hu\/?page_id=449"},"modified":"2024-03-21T14:40:20","modified_gmt":"2024-03-21T14:40:20","slug":"blog","status":"publish","type":"page","link":"https:\/\/bernathlegal.hu\/en\/blog\/","title":{"rendered":"Blog"},"content":{"rendered":"<p>[et_pb_section fb_built=&#8221;1&#8243; custom_padding_last_edited=&#8221;on|phone&#8221; admin_label=&#8221;Page Title Section&#8221; _builder_version=&#8221;4.24.2&#8243; use_background_color_gradient=&#8221;on&#8221; background_color_gradient_stops=&#8221;#058b8c 0%|rgba(49,62,71,0.5) 100%&#8221; background_color_gradient_overlays_image=&#8221;on&#8221; background_color_gradient_start=&#8221;#313e47&#8243; background_color_gradient_end=&#8221;rgba(49,62,71,0.5)&#8221; background_image=&#8221;https:\/\/bernathlegal.hu\/wp-content\/uploads\/2023\/02\/law-firm-24.jpg&#8221; custom_padding=&#8221;124px||120px|||&#8221; custom_padding_tablet=&#8221;124px||120px|||&#8221; custom_padding_phone=&#8221;40px||40px||true|false&#8221; global_colors_info=&#8221;{}&#8221;][et_pb_row admin_label=&#8221;Page Title Area&#8221; _builder_version=&#8221;4.16&#8243; background_size=&#8221;initial&#8221; background_position=&#8221;top_left&#8221; background_repeat=&#8221;repeat&#8221; global_colors_info=&#8221;{}&#8221;][et_pb_column type=&#8221;4_4&#8243; _builder_version=&#8221;4.16&#8243; custom_padding=&#8221;|||&#8221; global_colors_info=&#8221;{}&#8221; custom_padding__hover=&#8221;|||&#8221;][et_pb_text admin_label=&#8221;Page Title&#8221; _builder_version=&#8221;4.16&#8243; text_font=&#8221;||||||||&#8221; text_text_color=&#8221;#ffffff&#8221; text_font_size=&#8221;18px&#8221; text_line_height=&#8221;2em&#8221; header_font=&#8221;Poppins||||||||&#8221; header_font_size=&#8221;60px&#8221; header_line_height=&#8221;1.6em&#8221; text_orientation=&#8221;center&#8221; background_layout=&#8221;dark&#8221; max_width=&#8221;700px&#8221; module_alignment=&#8221;center&#8221; custom_margin=&#8221;||10px|&#8221; animation_style=&#8221;fade&#8221; header_font_size_tablet=&#8221;40px&#8221; header_font_size_phone=&#8221;&#8221; header_font_size_last_edited=&#8221;on|desktop&#8221; global_colors_info=&#8221;{}&#8221;]<\/p>\n<h1>Blog<\/h1>\n<p>[\/et_pb_text][\/et_pb_column][\/et_pb_row][\/et_pb_section][et_pb_section fb_built=&#8221;1&#8243; custom_padding_last_edited=&#8221;on|phone&#8221; admin_label=&#8221;Latest News Section&#8221; _builder_version=&#8221;4.24.2&#8243; background_color=&#8221;#ffffff&#8221; custom_padding=&#8221;110px||80px||false|false&#8221; custom_padding_tablet=&#8221;60px||60px||true|false&#8221; custom_padding_phone=&#8221;40px||40px||true|false&#8221; global_colors_info=&#8221;{}&#8221;][et_pb_row _builder_version=&#8221;4.24.2&#8243; _module_preset=&#8221;default&#8221; global_colors_info=&#8221;{}&#8221;][et_pb_column type=&#8221;4_4&#8243; _builder_version=&#8221;4.24.2&#8243; _module_preset=&#8221;default&#8221; global_colors_info=&#8221;{}&#8221;][et_pb_blog fullwidth=&#8221;off&#8221; posts_number=&#8221;9&#8243; include_categories=&#8221;1&#8243; show_more=&#8221;on&#8221; show_categories=&#8221;off&#8221; use_overlay=&#8221;on&#8221; show_more_tablet=&#8221;on&#8221; show_more_phone=&#8221;on&#8221; show_more_last_edited=&#8221;on|desktop&#8221; _builder_version=&#8221;4.24.2&#8243; _module_preset=&#8221;default&#8221; header_font=&#8221;Poppins||||||||&#8221; header_text_align=&#8221;left&#8221; header_text_color=&#8221;gcid-12ab6991-3625-41e5-b9b0-70dc85d745b8&#8243; body_font=&#8221;Montserrat||||||||&#8221; read_more_font=&#8221;||on||||||&#8221; read_more_text_color=&#8221;#058B8C&#8221; pagination_text_color=&#8221;#003636&#8243; custom_margin=&#8221;||||true|false&#8221; custom_padding=&#8221;15px|20px|15px|20px|true|true&#8221; animation_style=&#8221;fade&#8221; hover_enabled=&#8221;0&#8243; box_shadow_style=&#8221;preset3&#8243; box_shadow_horizontal=&#8221;2px&#8221; box_shadow_vertical=&#8221;2px&#8221; global_colors_info=&#8221;{%22gcid-12ab6991-3625-41e5-b9b0-70dc85d745b8%22:%91%22header_text_color%22%93}&#8221; hover_icon=&#8221;&#x24;||divi||400&#8243; overlay_icon_color=&#8221;RGBA(255,255,255,0)&#8221; hover_overlay_color=&#8221;rgba(255,255,255,0.25)&#8221; sticky_enabled=&#8221;0&#8243;][\/et_pb_blog][\/et_pb_column][\/et_pb_row][\/et_pb_section]<\/p>\n","protected":false},"excerpt":{"rendered":"<p>Blog<\/p>","protected":false},"author":2,"featured_media":0,"parent":0,"menu_order":0,"comment_status":"closed","ping_status":"closed","template":"","meta":{"_et_pb_use_builder":"on","_et_pb_old_content":"","_et_gb_content_width":"","footnotes":""},"class_list":["post-449","page","type-page","status-publish","hentry"],"yoast_head":"<!-- This site is optimized with the Yoast SEO plugin v27.5 - https:\/\/yoast.com\/product\/yoast-seo-wordpress\/ -->\n<title>Blog - Bernath \u00dcgyv\u00e9di T\u00e1rsul\u00e1s<\/title>\n<meta name=\"robots\" content=\"index, follow, max-snippet:-1, max-image-preview:large, max-video-preview:-1\" \/>\n<link rel=\"canonical\" href=\"https:\/\/bernathlegal.hu\/en\/blog\/\" \/>\n<meta property=\"og:locale\" content=\"en_GB\" \/>\n<meta property=\"og:type\" content=\"article\" \/>\n<meta property=\"og:title\" content=\"Blog - Bernath \u00dcgyv\u00e9di T\u00e1rsul\u00e1s\" \/>\n<meta property=\"og:description\" content=\"Blog\" \/>\n<meta property=\"og:url\" content=\"https:\/\/bernathlegal.hu\/en\/blog\/\" \/>\n<meta property=\"og:site_name\" content=\"Bernath \u00dcgyv\u00e9di T\u00e1rsul\u00e1s\" \/>\n<meta property=\"article:modified_time\" content=\"2024-03-21T14:40:20+00:00\" \/>\n<meta name=\"twitter:card\" content=\"summary_large_image\" \/>\n<script type=\"application\/ld+json\" class=\"yoast-schema-graph\">{\"@context\":\"https:\\\/\\\/schema.org\",\"@graph\":[{\"@type\":\"WebPage\",\"@id\":\"https:\\\/\\\/bernathlegal.hu\\\/blog\\\/\",\"url\":\"https:\\\/\\\/bernathlegal.hu\\\/blog\\\/\",\"name\":\"Blog - Bernath \u00dcgyv\u00e9di T\u00e1rsul\u00e1s\",\"isPartOf\":{\"@id\":\"https:\\\/\\\/bernathlegal.hu\\\/#website\"},\"datePublished\":\"2024-03-21T12:00:09+00:00\",\"dateModified\":\"2024-03-21T14:40:20+00:00\",\"breadcrumb\":{\"@id\":\"https:\\\/\\\/bernathlegal.hu\\\/blog\\\/#breadcrumb\"},\"inLanguage\":\"en-GB\",\"potentialAction\":[{\"@type\":\"ReadAction\",\"target\":[\"https:\\\/\\\/bernathlegal.hu\\\/blog\\\/\"]}]},{\"@type\":\"BreadcrumbList\",\"@id\":\"https:\\\/\\\/bernathlegal.hu\\\/blog\\\/#breadcrumb\",\"itemListElement\":[{\"@type\":\"ListItem\",\"position\":1,\"name\":\"Kezd\u0151lap\",\"item\":\"https:\\\/\\\/bernathlegal.hu\\\/\"},{\"@type\":\"ListItem\",\"position\":2,\"name\":\"Blog\"}]},{\"@type\":\"WebSite\",\"@id\":\"https:\\\/\\\/bernathlegal.hu\\\/#website\",\"url\":\"https:\\\/\\\/bernathlegal.hu\\\/\",\"name\":\"Bernath \u00dcgyv\u00e9di T\u00e1rsul\u00e1s\",\"description\":\"\",\"publisher\":{\"@id\":\"https:\\\/\\\/bernathlegal.hu\\\/#organization\"},\"potentialAction\":[{\"@type\":\"SearchAction\",\"target\":{\"@type\":\"EntryPoint\",\"urlTemplate\":\"https:\\\/\\\/bernathlegal.hu\\\/?s={search_term_string}\"},\"query-input\":{\"@type\":\"PropertyValueSpecification\",\"valueRequired\":true,\"valueName\":\"search_term_string\"}}],\"inLanguage\":\"en-GB\"},{\"@type\":\"Organization\",\"@id\":\"https:\\\/\\\/bernathlegal.hu\\\/#organization\",\"name\":\"Bernath \u00dcgyv\u00e9di T\u00e1rsul\u00e1s\",\"url\":\"https:\\\/\\\/bernathlegal.hu\\\/\",\"logo\":{\"@type\":\"ImageObject\",\"inLanguage\":\"en-GB\",\"@id\":\"https:\\\/\\\/bernathlegal.hu\\\/#\\\/schema\\\/logo\\\/image\\\/\",\"url\":\"\",\"contentUrl\":\"\",\"caption\":\"Bernath \u00dcgyv\u00e9di T\u00e1rsul\u00e1s\"},\"image\":{\"@id\":\"https:\\\/\\\/bernathlegal.hu\\\/#\\\/schema\\\/logo\\\/image\\\/\"}}]}<\/script>\n<!-- \/ Yoast SEO plugin. -->","yoast_head_json":{"title":"Blog - Bernath \u00dcgyv\u00e9di T\u00e1rsul\u00e1s","robots":{"index":"index","follow":"follow","max-snippet":"max-snippet:-1","max-image-preview":"max-image-preview:large","max-video-preview":"max-video-preview:-1"},"canonical":"https:\/\/bernathlegal.hu\/en\/blog\/","og_locale":"en_GB","og_type":"article","og_title":"Blog - Bernath \u00dcgyv\u00e9di T\u00e1rsul\u00e1s","og_description":"Blog","og_url":"https:\/\/bernathlegal.hu\/en\/blog\/","og_site_name":"Bernath \u00dcgyv\u00e9di T\u00e1rsul\u00e1s","article_modified_time":"2024-03-21T14:40:20+00:00","twitter_card":"summary_large_image","schema":{"@context":"https:\/\/schema.org","@graph":[{"@type":"WebPage","@id":"https:\/\/bernathlegal.hu\/blog\/","url":"https:\/\/bernathlegal.hu\/blog\/","name":"Blog - Bernath \u00dcgyv\u00e9di T\u00e1rsul\u00e1s","isPartOf":{"@id":"https:\/\/bernathlegal.hu\/#website"},"datePublished":"2024-03-21T12:00:09+00:00","dateModified":"2024-03-21T14:40:20+00:00","breadcrumb":{"@id":"https:\/\/bernathlegal.hu\/blog\/#breadcrumb"},"inLanguage":"en-GB","potentialAction":[{"@type":"ReadAction","target":["https:\/\/bernathlegal.hu\/blog\/"]}]},{"@type":"BreadcrumbList","@id":"https:\/\/bernathlegal.hu\/blog\/#breadcrumb","itemListElement":[{"@type":"ListItem","position":1,"name":"Kezd\u0151lap","item":"https:\/\/bernathlegal.hu\/"},{"@type":"ListItem","position":2,"name":"Blog"}]},{"@type":"WebSite","@id":"https:\/\/bernathlegal.hu\/#website","url":"https:\/\/bernathlegal.hu\/","name":"Bernath \u00dcgyv\u00e9di T\u00e1rsul\u00e1s","description":"","publisher":{"@id":"https:\/\/bernathlegal.hu\/#organization"},"potentialAction":[{"@type":"SearchAction","target":{"@type":"EntryPoint","urlTemplate":"https:\/\/bernathlegal.hu\/?s={search_term_string}"},"query-input":{"@type":"PropertyValueSpecification","valueRequired":true,"valueName":"search_term_string"}}],"inLanguage":"en-GB"},{"@type":"Organization","@id":"https:\/\/bernathlegal.hu\/#organization","name":"Bernath \u00dcgyv\u00e9di T\u00e1rsul\u00e1s","url":"https:\/\/bernathlegal.hu\/","logo":{"@type":"ImageObject","inLanguage":"en-GB","@id":"https:\/\/bernathlegal.hu\/#\/schema\/logo\/image\/","url":"","contentUrl":"","caption":"Bernath \u00dcgyv\u00e9di T\u00e1rsul\u00e1s"},"image":{"@id":"https:\/\/bernathlegal.hu\/#\/schema\/logo\/image\/"}}]}},"_links":{"self":[{"href":"https:\/\/bernathlegal.hu\/en\/wp-json\/wp\/v2\/pages\/449","targetHints":{"allow":["GET"]}}],"collection":[{"href":"https:\/\/bernathlegal.hu\/en\/wp-json\/wp\/v2\/pages"}],"about":[{"href":"https:\/\/bernathlegal.hu\/en\/wp-json\/wp\/v2\/types\/page"}],"author":[{"embeddable":true,"href":"https:\/\/bernathlegal.hu\/en\/wp-json\/wp\/v2\/users\/2"}],"replies":[{"embeddable":true,"href":"https:\/\/bernathlegal.hu\/en\/wp-json\/wp\/v2\/comments?post=449"}],"version-history":[{"count":20,"href":"https:\/\/bernathlegal.hu\/en\/wp-json\/wp\/v2\/pages\/449\/revisions"}],"predecessor-version":[{"id":523,"href":"https:\/\/bernathlegal.hu\/en\/wp-json\/wp\/v2\/pages\/449\/revisions\/523"}],"wp:attachment":[{"href":"https:\/\/bernathlegal.hu\/en\/wp-json\/wp\/v2\/media?parent=449"}],"curies":[{"name":"wp","href":"https:\/\/api.w.org\/{rel}","templated":true}]}}